{"id":95,"date":"2025-11-30T08:51:37","date_gmt":"2025-11-30T07:51:37","guid":{"rendered":"https:\/\/wypiekarnia.com\/?page_id=95"},"modified":"2026-01-05T09:36:29","modified_gmt":"2026-01-05T08:36:29","slug":"o-nas","status":"publish","type":"page","link":"https:\/\/wypiekarnia.com\/en\/o-nas\/","title":{"rendered":"About Us"},"content":{"rendered":"<div class=\"wp-block-group has-global-padding is-layout-constrained wp-container-core-group-is-layout-24bd993d wp-block-group-is-layout-constrained\">\n<div class=\"wp-block-group alignwide has-global-padding is-layout-constrained wp-block-group-is-layout-constrained\"><div data-block-name=\"woocommerce\/breadcrumbs\" class=\"woocommerce wp-block-breadcrumbs wc-block-breadcrumbs alignwide has-font-size has-small-font-size\" style=\"  \"><nav class=\"woocommerce-breadcrumb\" aria-label=\"Breadcrumb\" data-no-translation=\"\" data-trp-gettext=\"\">Home<\/nav><\/div>\n\n\n<figure class=\"wp-block-image size-large is-resized\"><img loading=\"lazy\" decoding=\"async\" width=\"1180\" height=\"787\" src=\"https:\/\/wypiekarnia.com\/wp-content\/uploads\/2025\/12\/o_nas_9-1180x787.jpg\" alt=\"\" class=\"wp-image-477\" style=\"object-fit:cover;width:1180px;height:500px\" srcset=\"https:\/\/wypiekarnia.com\/wp-content\/uploads\/2025\/12\/o_nas_9-1180x787.jpg 1180w, https:\/\/wypiekarnia.com\/wp-content\/uploads\/2025\/12\/o_nas_9-640x427.jpg 640w, https:\/\/wypiekarnia.com\/wp-content\/uploads\/2025\/12\/o_nas_9-768x512.jpg 768w, https:\/\/wypiekarnia.com\/wp-content\/uploads\/2025\/12\/o_nas_9-1536x1024.jpg 1536w, https:\/\/wypiekarnia.com\/wp-content\/uploads\/2025\/12\/o_nas_9-2048x1365.jpg 2048w, https:\/\/wypiekarnia.com\/wp-content\/uploads\/2025\/12\/o_nas_9-600x400.jpg 600w\" sizes=\"auto, (max-width: 1180px) 100vw, 1180px\" \/><\/figure>\n<\/div>\n\n\n\n<div class=\"wp-block-group has-global-padding is-layout-constrained wp-block-group-is-layout-constrained\">\n<div class=\"wp-block-columns alignfull are-vertically-aligned-center is-layout-flex wp-container-core-columns-is-layout-b716bca5 wp-block-columns-is-layout-flex\">\n<div class=\"wp-block-column is-vertically-aligned-center is-layout-flow wp-block-column-is-layout-flow\">\n<figure class=\"wp-block-image size-large\"><img loading=\"lazy\" decoding=\"async\" width=\"787\" height=\"1180\" src=\"https:\/\/wypiekarnia.com\/wp-content\/uploads\/2025\/12\/akapit-pod-glownym-787x1180.jpg\" alt=\"\" class=\"wp-image-764\" style=\"aspect-ratio:3\/2;object-fit:cover\" srcset=\"https:\/\/wypiekarnia.com\/wp-content\/uploads\/2025\/12\/akapit-pod-glownym-787x1180.jpg 787w, https:\/\/wypiekarnia.com\/wp-content\/uploads\/2025\/12\/akapit-pod-glownym-427x640.jpg 427w, https:\/\/wypiekarnia.com\/wp-content\/uploads\/2025\/12\/akapit-pod-glownym-768x1152.jpg 768w, https:\/\/wypiekarnia.com\/wp-content\/uploads\/2025\/12\/akapit-pod-glownym-1024x1536.jpg 1024w, https:\/\/wypiekarnia.com\/wp-content\/uploads\/2025\/12\/akapit-pod-glownym-1365x2048.jpg 1365w, https:\/\/wypiekarnia.com\/wp-content\/uploads\/2025\/12\/akapit-pod-glownym-8x12.jpg 8w, https:\/\/wypiekarnia.com\/wp-content\/uploads\/2025\/12\/akapit-pod-glownym-600x900.jpg 600w, https:\/\/wypiekarnia.com\/wp-content\/uploads\/2025\/12\/akapit-pod-glownym-scaled.jpg 1707w\" sizes=\"auto, (max-width: 787px) 100vw, 787px\" \/><\/figure>\n<\/div>\n\n\n\n<div class=\"wp-block-column is-vertically-aligned-center is-layout-flow wp-container-core-column-is-layout-f18b4460 wp-block-column-is-layout-flow\">\n<h2 class=\"wp-block-heading\" style=\"text-transform:uppercase\">Craftsmanship &amp; Quality<\/h2>\n\n\n\n<div class=\"wp-block-group has-global-padding is-layout-constrained wp-container-core-group-is-layout-345d74c0 wp-block-group-is-layout-constrained\">\n<p>Wypiekarnia is an artisanal pastry studio created out of a love for sweets and true craftsmanship. Every day, we handcraft cakes, tortes, and desserts that blend traditional recipes with a touch of modernity.<\/p>\n\n\n\n<p>We believe that the secret to exceptional taste lies in quality. In our pastry studio, we respect the ingredients we work with, using only fresh, natural components \u2014 where flavor, precision, and aesthetics truly matter. WYPIEKARNIA is more than just a pastry shop \u2014 it\u2019s a place where we celebrate special moments.<\/p>\n<\/div>\n<\/div>\n<\/div>\n<\/div>\n\n\n\n<figure class=\"wp-block-gallery has-nested-images columns-default is-cropped wp-block-gallery-1 is-layout-flex wp-block-gallery-is-layout-flex\">\n<figure class=\"wp-block-image size-large\"><img loading=\"lazy\" decoding=\"async\" width=\"787\" height=\"1180\" data-id=\"238\" src=\"https:\/\/wypiekarnia.com\/wp-content\/uploads\/2025\/12\/o_nas_5-787x1180.jpg\" alt=\"\" class=\"wp-image-238\" srcset=\"https:\/\/wypiekarnia.com\/wp-content\/uploads\/2025\/12\/o_nas_5-787x1180.jpg 787w, https:\/\/wypiekarnia.com\/wp-content\/uploads\/2025\/12\/o_nas_5-427x640.jpg 427w, https:\/\/wypiekarnia.com\/wp-content\/uploads\/2025\/12\/o_nas_5-768x1152.jpg 768w, https:\/\/wypiekarnia.com\/wp-content\/uploads\/2025\/12\/o_nas_5-1024x1536.jpg 1024w, https:\/\/wypiekarnia.com\/wp-content\/uploads\/2025\/12\/o_nas_5-1366x2048.jpg 1366w, https:\/\/wypiekarnia.com\/wp-content\/uploads\/2025\/12\/o_nas_5-600x900.jpg 600w, https:\/\/wypiekarnia.com\/wp-content\/uploads\/2025\/12\/o_nas_5-scaled.jpg 1707w\" sizes=\"auto, (max-width: 787px) 100vw, 787px\" \/><\/figure>\n\n\n\n<figure class=\"wp-block-image size-large\"><img loading=\"lazy\" decoding=\"async\" width=\"787\" height=\"1180\" data-id=\"223\" src=\"https:\/\/wypiekarnia.com\/wp-content\/uploads\/2025\/12\/o_nas_6-787x1180.jpg\" alt=\"\" class=\"wp-image-223\" srcset=\"https:\/\/wypiekarnia.com\/wp-content\/uploads\/2025\/12\/o_nas_6-787x1180.jpg 787w, https:\/\/wypiekarnia.com\/wp-content\/uploads\/2025\/12\/o_nas_6-427x640.jpg 427w, https:\/\/wypiekarnia.com\/wp-content\/uploads\/2025\/12\/o_nas_6-768x1152.jpg 768w, https:\/\/wypiekarnia.com\/wp-content\/uploads\/2025\/12\/o_nas_6-1024x1536.jpg 1024w, https:\/\/wypiekarnia.com\/wp-content\/uploads\/2025\/12\/o_nas_6-1366x2048.jpg 1366w, https:\/\/wypiekarnia.com\/wp-content\/uploads\/2025\/12\/o_nas_6-600x900.jpg 600w, https:\/\/wypiekarnia.com\/wp-content\/uploads\/2025\/12\/o_nas_6-scaled.jpg 1707w\" sizes=\"auto, (max-width: 787px) 100vw, 787px\" \/><\/figure>\n\n\n\n<figure class=\"wp-block-image size-large\"><img loading=\"lazy\" decoding=\"async\" width=\"787\" height=\"1180\" data-id=\"861\" src=\"https:\/\/wypiekarnia.com\/wp-content\/uploads\/2026\/01\/o_nas_10-787x1180.jpg\" alt=\"\" class=\"wp-image-861\" srcset=\"https:\/\/wypiekarnia.com\/wp-content\/uploads\/2026\/01\/o_nas_10-787x1180.jpg 787w, https:\/\/wypiekarnia.com\/wp-content\/uploads\/2026\/01\/o_nas_10-427x640.jpg 427w, https:\/\/wypiekarnia.com\/wp-content\/uploads\/2026\/01\/o_nas_10-768x1152.jpg 768w, https:\/\/wypiekarnia.com\/wp-content\/uploads\/2026\/01\/o_nas_10-1024x1536.jpg 1024w, https:\/\/wypiekarnia.com\/wp-content\/uploads\/2026\/01\/o_nas_10-1365x2048.jpg 1365w, https:\/\/wypiekarnia.com\/wp-content\/uploads\/2026\/01\/o_nas_10-8x12.jpg 8w, https:\/\/wypiekarnia.com\/wp-content\/uploads\/2026\/01\/o_nas_10-600x900.jpg 600w, https:\/\/wypiekarnia.com\/wp-content\/uploads\/2026\/01\/o_nas_10-scaled.jpg 1707w\" sizes=\"auto, (max-width: 787px) 100vw, 787px\" \/><\/figure>\n<\/figure>\n\n\n\n<div class=\"wp-block-group has-global-padding is-layout-constrained wp-block-group-is-layout-constrained\">\n<div class=\"wp-block-columns alignfull are-vertically-aligned-center is-layout-flex wp-container-core-columns-is-layout-b716bca5 wp-block-columns-is-layout-flex\">\n<div class=\"wp-block-column is-vertically-aligned-center is-layout-flow wp-block-column-is-layout-flow\">\n<figure class=\"wp-block-image size-large is-resized\"><img loading=\"lazy\" decoding=\"async\" width=\"787\" height=\"1180\" src=\"https:\/\/wypiekarnia.com\/wp-content\/uploads\/2025\/12\/o_nas_8-787x1180.jpg\" alt=\"\" class=\"wp-image-225\" style=\"aspect-ratio:3\/2;object-fit:cover;width:565px\" srcset=\"https:\/\/wypiekarnia.com\/wp-content\/uploads\/2025\/12\/o_nas_8-787x1180.jpg 787w, https:\/\/wypiekarnia.com\/wp-content\/uploads\/2025\/12\/o_nas_8-427x640.jpg 427w, https:\/\/wypiekarnia.com\/wp-content\/uploads\/2025\/12\/o_nas_8-768x1152.jpg 768w, https:\/\/wypiekarnia.com\/wp-content\/uploads\/2025\/12\/o_nas_8-1024x1536.jpg 1024w, https:\/\/wypiekarnia.com\/wp-content\/uploads\/2025\/12\/o_nas_8-1366x2048.jpg 1366w, https:\/\/wypiekarnia.com\/wp-content\/uploads\/2025\/12\/o_nas_8-600x900.jpg 600w, https:\/\/wypiekarnia.com\/wp-content\/uploads\/2025\/12\/o_nas_8-scaled.jpg 1707w\" sizes=\"auto, (max-width: 787px) 100vw, 787px\" \/><\/figure>\n<\/div>\n\n\n\n<div class=\"wp-block-column is-vertically-aligned-center is-layout-flow wp-container-core-column-is-layout-a7fa7455 wp-block-column-is-layout-flow\">\n<h2 class=\"wp-block-heading\" style=\"text-transform:uppercase\">Passion for Sweets<\/h2>\n\n\n\n<div class=\"wp-block-group has-global-padding is-layout-constrained wp-container-core-group-is-layout-bdcbbb17 wp-block-group-is-layout-constrained\">\n<p>Our greatest satisfaction comes from happy guests who return for another portion of their favorite sweets.<\/p>\n\n\n\n<p>We want the time spent with our baked goods to be your art of small pleasures.<\/p>\n<\/div>\n<\/div>\n<\/div>\n<\/div>\n\n\n\n<div class=\"wp-block-group has-global-padding is-layout-constrained wp-block-group-is-layout-constrained\" style=\"margin-top:120px;margin-bottom:60px\">\n<figure class=\"wp-block-image aligncenter size-full is-resized\"><img loading=\"lazy\" decoding=\"async\" width=\"798\" height=\"909\" src=\"https:\/\/wypiekarnia.com\/wp-content\/uploads\/2025\/11\/decoration_2.png\" alt=\"\" class=\"wp-image-83\" style=\"width:360px\" srcset=\"https:\/\/wypiekarnia.com\/wp-content\/uploads\/2025\/11\/decoration_2.png 798w, https:\/\/wypiekarnia.com\/wp-content\/uploads\/2025\/11\/decoration_2-600x683.png 600w, https:\/\/wypiekarnia.com\/wp-content\/uploads\/2025\/11\/decoration_2-263x300.png 263w, https:\/\/wypiekarnia.com\/wp-content\/uploads\/2025\/11\/decoration_2-768x875.png 768w\" sizes=\"auto, (max-width: 798px) 100vw, 798px\" \/><\/figure>\n<\/div>\n<\/div>","protected":false},"excerpt":{"rendered":"<p>Rzemios\u0142o i jako\u015b\u0107 Wypiekarnia to rzemie\u015blnicza pracownia cukiernicza stworzona z mi\u0142o\u015bci do s\u0142odko\u015bci i prawdziwego rzemios\u0142a. Ka\u017cdego dnia r\u0119cznie przygotowujemy ciasta, torty i desery, kt\u00f3re \u0142\u0105cz\u0105 tradycyjne receptury z nut\u0105 nowoczesno\u015bci. Wierzymy, \u017ce sekret doskona\u0142ego smaku tkwi w jako\u015bci. W naszej pracowni szanujemy produkty, z kt\u00f3rymi pracujemy, si\u0119gamy wy\u0142\u0105cznie po \u015bwie\u017ce, naturalne sk\u0142adniki \u2013 tu [&hellip;]<\/p>\n","protected":false},"author":2,"featured_media":0,"parent":0,"menu_order":0,"comment_status":"closed","ping_status":"closed","template":"","meta":{"footnotes":""},"class_list":["post-95","page","type-page","status-publish","hentry"],"_links":{"self":[{"href":"https:\/\/wypiekarnia.com\/en\/wp-json\/wp\/v2\/pages\/95","targetHints":{"allow":["GET"]}}],"collection":[{"href":"https:\/\/wypiekarnia.com\/en\/wp-json\/wp\/v2\/pages"}],"about":[{"href":"https:\/\/wypiekarnia.com\/en\/wp-json\/wp\/v2\/types\/page"}],"author":[{"embeddable":true,"href":"https:\/\/wypiekarnia.com\/en\/wp-json\/wp\/v2\/users\/2"}],"replies":[{"embeddable":true,"href":"https:\/\/wypiekarnia.com\/en\/wp-json\/wp\/v2\/comments?post=95"}],"version-history":[{"count":21,"href":"https:\/\/wypiekarnia.com\/en\/wp-json\/wp\/v2\/pages\/95\/revisions"}],"predecessor-version":[{"id":862,"href":"https:\/\/wypiekarnia.com\/en\/wp-json\/wp\/v2\/pages\/95\/revisions\/862"}],"wp:attachment":[{"href":"https:\/\/wypiekarnia.com\/en\/wp-json\/wp\/v2\/media?parent=95"}],"curies":[{"name":"wp","href":"https:\/\/api.w.org\/{rel}","templated":true}]}}